{"id":95,"date":"2025-01-27T11:22:55","date_gmt":"2025-01-27T10:22:55","guid":{"rendered":"https:\/\/bartobacco.com\/?page_id=95"},"modified":"2025-03-04T16:44:34","modified_gmt":"2025-03-04T15:44:34","slug":"les-scupltures-academiques","status":"publish","type":"page","link":"https:\/\/christina-ab.fr\/?page_id=95","title":{"rendered":"Les sculptures \u00ab\u00a0acad\u00e9miques\u00a0\u00bb"},"content":{"rendered":"\n<p>Les terres \u00e0 cuire se pr\u00eatent au mod\u00e8le posant assis ou couch\u00e9. Pour les poses debout \u00e0 partir d&rsquo;une certaine dimension, on privil\u00e9gie la terre \u00e0 modeler sur armature. Elle sera moul\u00e9e selon la technique dite \u00e0 \u00ab&nbsp;creux perdu&nbsp;\u00bb, qui donnera un exemplaire appel\u00e9 \u00ab&nbsp;pl\u00e2tre original&nbsp;\u00bb, t\u00e9moin unique du travail initial. Un moule en \u00e9lastom\u00e8re pourra \u00eatre r\u00e9alis\u00e9 sur le pl\u00e2tre original. Il servira \u00e0 tirer une cire (pour une fonte en bronze), et\/ou des multiples en pl\u00e2tre ou en r\u00e9sine.<\/p>\n\n\n\n<figure class=\"wp-block-gallery has-nested-images columns-default is-cropped wp-block-gallery-1 is-layout-flex wp-block-gallery-is-layout-flex\">\n<figure class=\"wp-block-image size-large\"><img loading=\"lazy\" decoding=\"async\" width=\"600\" height=\"900\" data-id=\"656\" src=\"https:\/\/christina-ab.fr\/wp-content\/uploads\/2025\/03\/CRW_0004-Recupere.jpg\" alt=\"\" class=\"wp-image-656\" srcset=\"https:\/\/christina-ab.fr\/wp-content\/uploads\/2025\/03\/CRW_0004-Recupere.jpg 600w, https:\/\/christina-ab.fr\/wp-content\/uploads\/2025\/03\/CRW_0004-Recupere-333x500.jpg 333w\" sizes=\"auto, (max-width: 600px) 100vw, 600px\" \/><figcaption class=\"wp-element-caption\">Modelage de la statue en terre<\/figcaption><\/figure>\n\n\n\n<figure class=\"wp-block-image size-large\"><img loading=\"lazy\" decoding=\"async\" width=\"600\" height=\"599\" data-id=\"657\" src=\"https:\/\/christina-ab.fr\/wp-content\/uploads\/2025\/03\/CRW_0253.jpg\" alt=\"\" class=\"wp-image-657\" srcset=\"https:\/\/christina-ab.fr\/wp-content\/uploads\/2025\/03\/CRW_0253.jpg 600w, https:\/\/christina-ab.fr\/wp-content\/uploads\/2025\/03\/CRW_0253-500x500.jpg 500w, https:\/\/christina-ab.fr\/wp-content\/uploads\/2025\/03\/CRW_0253-150x150.jpg 150w\" sizes=\"auto, (max-width: 600px) 100vw, 600px\" \/><figcaption class=\"wp-element-caption\">La terre avec la face avant du moule en pl\u00e2tre.<\/figcaption><\/figure>\n\n\n\n<figure class=\"wp-block-image size-large\"><img loading=\"lazy\" decoding=\"async\" width=\"600\" height=\"900\" data-id=\"660\" src=\"https:\/\/christina-ab.fr\/wp-content\/uploads\/2025\/03\/CRW_0294.jpg\" alt=\"\" class=\"wp-image-660\" srcset=\"https:\/\/christina-ab.fr\/wp-content\/uploads\/2025\/03\/CRW_0294.jpg 600w, https:\/\/christina-ab.fr\/wp-content\/uploads\/2025\/03\/CRW_0294-333x500.jpg 333w\" sizes=\"auto, (max-width: 600px) 100vw, 600px\" \/><figcaption class=\"wp-element-caption\">Ouverture du moule, la terre qu&rsquo;il contient est \u00e9limin\u00e9e. Le mod\u00e9le en terre est d\u00e9truit. <\/figcaption><\/figure>\n\n\n\n<figure class=\"wp-block-image size-large\"><img loading=\"lazy\" decoding=\"async\" width=\"600\" height=\"854\" data-id=\"659\" src=\"https:\/\/christina-ab.fr\/wp-content\/uploads\/2025\/03\/moule-book.jpg\" alt=\"\" class=\"wp-image-659\" srcset=\"https:\/\/christina-ab.fr\/wp-content\/uploads\/2025\/03\/moule-book.jpg 600w, https:\/\/christina-ab.fr\/wp-content\/uploads\/2025\/03\/moule-book-351x500.jpg 351w\" sizes=\"auto, (max-width: 600px) 100vw, 600px\" \/><figcaption class=\"wp-element-caption\">Les deux moiti\u00e9s du moule sont pr\u00eates \u00e0 \u00eatre referm\u00e9es pour recevoir la coul\u00e9e de pl\u00e2tre liquide. L&rsquo;impression de relief est une illusion, le mod\u00e8le est en creux ! <\/figcaption><\/figure>\n\n\n\n<figure class=\"wp-block-image size-large\"><img loading=\"lazy\" decoding=\"async\" width=\"600\" height=\"900\" data-id=\"658\" src=\"https:\/\/christina-ab.fr\/wp-content\/uploads\/2025\/03\/CRW_0490.jpg\" alt=\"\" class=\"wp-image-658\" srcset=\"https:\/\/christina-ab.fr\/wp-content\/uploads\/2025\/03\/CRW_0490.jpg 600w, https:\/\/christina-ab.fr\/wp-content\/uploads\/2025\/03\/CRW_0490-333x500.jpg 333w\" sizes=\"auto, (max-width: 600px) 100vw, 600px\" \/><figcaption class=\"wp-element-caption\">Le moule est renforc\u00e9 et feraill\u00e9 pour resister \u00e0 la pression lors du remplissage de pl\u00e2tre liquide<\/figcaption><\/figure>\n\n\n\n<figure class=\"wp-block-image size-large\"><img loading=\"lazy\" decoding=\"async\" width=\"600\" height=\"900\" data-id=\"661\" src=\"https:\/\/christina-ab.fr\/wp-content\/uploads\/2025\/03\/CRW_0521.jpg\" alt=\"\" class=\"wp-image-661\" srcset=\"https:\/\/christina-ab.fr\/wp-content\/uploads\/2025\/03\/CRW_0521.jpg 600w, https:\/\/christina-ab.fr\/wp-content\/uploads\/2025\/03\/CRW_0521-333x500.jpg 333w\" sizes=\"auto, (max-width: 600px) 100vw, 600px\" \/><figcaption class=\"wp-element-caption\">Le \u00ab\u00a0d\u00e9cochage\u00a0\u00bb, destruction du moule et apparition du mod\u00e9le dit \u00ab\u00a0pl\u00e2tre original\u00a0\u00bb<\/figcaption><\/figure>\n<\/figure>\n\n\n\n<div class=\"alignnormal\"><div id=\"metaslider-id-290\" style=\"width: 100%;\" class=\"ml-slider-3-94-0 metaslider metaslider-flex metaslider-290 ml-slider ms-theme-default-base has-dots-nav\" role=\"region\" aria-roledescription=\"Slideshow\" aria-label=\"Les pl\u00e2tres acad\u00e9miques\">\n    <div id=\"metaslider_container_290\">\n        <div id=\"metaslider_290\">\n            <ul class='slides'>\n                <li style=\"display: block; width: 100%;\" class=\"slide-625 ms-image \" aria-roledescription=\"slide\" aria-label=\"slide-625\"><img loading=\"lazy\" decoding=\"async\" src=\"https:\/\/christina-ab.fr\/wp-content\/uploads\/2025\/03\/Gloria-debout-472x674.jpg\" height=\"1000\" width=\"700\" alt=\"\" class=\"slider-290 slide-625\" title=\"Gloria debout\" \/><div class=\"caption-wrap\"><div class=\"caption\"><div style=\"text-align:center;\">GLORIA debout h=72 cm.<\/div><\/div><\/div><\/li>\n                <li style=\"display: none; width: 100%;\" class=\"slide-628 ms-image \" aria-roledescription=\"slide\" aria-label=\"slide-628\"><img loading=\"lazy\" decoding=\"async\" src=\"https:\/\/christina-ab.fr\/wp-content\/uploads\/2025\/03\/WG5I6480-500x714.jpg\" height=\"1000\" width=\"700\" alt=\"\" class=\"slider-290 slide-628\" title=\"WG5I6480\" \/><div class=\"caption-wrap\"><div class=\"caption\"><div style=\"text-align:center;\">DAMOISEAU h=55 cm.<\/div><\/div><\/div><\/li>\n                <li style=\"display: none; width: 100%;\" class=\"slide-630 ms-image \" aria-roledescription=\"slide\" aria-label=\"slide-630\"><img loading=\"lazy\" decoding=\"async\" src=\"https:\/\/christina-ab.fr\/wp-content\/uploads\/2025\/03\/Habillee-par-CardotIMG_8079-500x714.jpg\" height=\"1000\" width=\"700\" alt=\"\" class=\"slider-290 slide-630\" title=\"Habill\u00e9e par CardotIMG_8079\" \/><div class=\"caption-wrap\"><div class=\"caption\"><div style=\"text-align:center;\">C'EST MONSIEUR CARDOT QUI M'A HABILL\u00c9E h=72 cm.<\/div>\n<div style=\"text-align:center;\">R\u00e9sine patin\u00e9e bronze<\/div><\/div><\/div><\/li>\n                <li style=\"display: none; width: 100%;\" class=\"slide-631 ms-image \" aria-roledescription=\"slide\" aria-label=\"slide-631\"><img loading=\"lazy\" decoding=\"async\" src=\"https:\/\/christina-ab.fr\/wp-content\/uploads\/2025\/03\/IMG_6579-330x472.jpg\" height=\"1000\" width=\"700\" alt=\"\" class=\"slider-290 slide-631\" title=\"IMG_6579\" \/><div class=\"caption-wrap\"><div class=\"caption\"><div style=\"text-align:center;\">ST\u00c9PHANIE h=18 cm.<\/div>\n<div style=\"text-align:center;\">Pl\u00e2tre patine bronze<\/div><\/div><\/div><\/li>\n                <li style=\"display: none; width: 100%;\" class=\"slide-635 ms-image \" aria-roledescription=\"slide\" aria-label=\"slide-635\"><img loading=\"lazy\" decoding=\"async\" src=\"https:\/\/christina-ab.fr\/wp-content\/uploads\/2025\/03\/grosseprofil-2-OPTniveaux-700x1000.jpg\" height=\"1000\" width=\"700\" alt=\"\" class=\"slider-290 slide-635\" title=\"grosseprofil 2 OPTniveaux\" \/><div class=\"caption-wrap\"><div class=\"caption\"><div style=\"text-align:center;\">GLORIA assise h=58 cm.<\/div><\/div><\/div><\/li>\n                <li style=\"display: none; width: 100%;\" class=\"slide-636 ms-image \" aria-roledescription=\"slide\" aria-label=\"slide-636\"><img loading=\"lazy\" decoding=\"async\" src=\"https:\/\/christina-ab.fr\/wp-content\/uploads\/2025\/03\/Jeanne-Lapin-667x952.jpg\" height=\"1000\" width=\"700\" alt=\"\" class=\"slider-290 slide-636\" title=\"Jeanne Lapin\" \/><div class=\"caption-wrap\"><div class=\"caption\"><div style=\"text-align:center;\">JEANNE et son lapin h=75 cm.<\/div>\n<div style=\"text-align:center;\">\u00a0<\/div><\/div><\/div><\/li>\n                <li style=\"display: none; width: 100%;\" class=\"slide-637 ms-image \" aria-roledescription=\"slide\" aria-label=\"slide-637\"><img loading=\"lazy\" decoding=\"async\" src=\"https:\/\/christina-ab.fr\/wp-content\/uploads\/2025\/03\/Narcisse-667x952.jpg\" height=\"1000\" width=\"700\" alt=\"\" class=\"slider-290 slide-637\" title=\"Narcisse\" \/><div class=\"caption-wrap\"><div class=\"caption\"><div style=\"text-align:center;\">NARCISSE en r\u00e9flexion h=28 cm.<\/div>\n<div style=\"text-align:center;\">Pl\u00e2tre patin\u00e9 bronze<\/div><\/div><\/div><\/li>\n                <li style=\"display: none; width: 100%;\" class=\"slide-670 ms-image \" aria-roledescription=\"slide\" aria-label=\"slide-670\"><img loading=\"lazy\" decoding=\"async\" src=\"https:\/\/christina-ab.fr\/wp-content\/uploads\/2025\/03\/WG5I4573-1-567x810.jpg\" height=\"1000\" width=\"700\" alt=\"\" class=\"slider-290 slide-670\" title=\"WG5I4573\" \/><div class=\"caption-wrap\"><div class=\"caption\"><div style=\"text-align:center;\">JEANNE debout h=75 cm.<\/div><\/div><\/div><\/li>\n                <li style=\"display: none; width: 100%;\" class=\"slide-674 ms-image \" aria-roledescription=\"slide\" aria-label=\"slide-674\"><img loading=\"lazy\" decoding=\"async\" src=\"https:\/\/christina-ab.fr\/wp-content\/uploads\/2025\/03\/Une-balinaise-1-2-497x710.jpg\" height=\"1000\" width=\"700\" alt=\"\" class=\"slider-290 slide-674\" title=\"Une balinaise\" \/><div class=\"caption-wrap\"><div class=\"caption\"><div style=\"text-align:center;\">LA BALINAISE h=78 cm.<\/div><\/div><\/div><\/li>\n            <\/ul>\n        <\/div>\n        \n    <\/div>\n<\/div><\/div>\n","protected":false},"excerpt":{"rendered":"<p>Les terres \u00e0 cuire se pr\u00eatent au mod\u00e8le posant assis ou couch\u00e9. Pour les poses debout \u00e0 partir d&rsquo;une certaine dimension, on privil\u00e9gie la terre \u00e0 modeler sur armature. Elle sera moul\u00e9e selon la technique dite \u00e0 \u00ab&nbsp;creux perdu&nbsp;\u00bb, qui donnera un exemplaire appel\u00e9 \u00ab&nbsp;pl\u00e2tre original&nbsp;\u00bb, t\u00e9moin unique du travail initial. Un moule en \u00e9lastom\u00e8re [&hellip;]<\/p>\n","protected":false},"author":1,"featured_media":0,"parent":0,"menu_order":2,"comment_status":"closed","ping_status":"closed","template":"","meta":{"footnotes":""},"class_list":["post-95","page","type-page","status-publish","hentry"],"_links":{"self":[{"href":"https:\/\/christina-ab.fr\/index.php?rest_route=\/wp\/v2\/pages\/95","targetHints":{"allow":["GET"]}}],"collection":[{"href":"https:\/\/christina-ab.fr\/index.php?rest_route=\/wp\/v2\/pages"}],"about":[{"href":"https:\/\/christina-ab.fr\/index.php?rest_route=\/wp\/v2\/types\/page"}],"author":[{"embeddable":true,"href":"https:\/\/christina-ab.fr\/index.php?rest_route=\/wp\/v2\/users\/1"}],"replies":[{"embeddable":true,"href":"https:\/\/christina-ab.fr\/index.php?rest_route=%2Fwp%2Fv2%2Fcomments&post=95"}],"version-history":[{"count":11,"href":"https:\/\/christina-ab.fr\/index.php?rest_route=\/wp\/v2\/pages\/95\/revisions"}],"predecessor-version":[{"id":687,"href":"https:\/\/christina-ab.fr\/index.php?rest_route=\/wp\/v2\/pages\/95\/revisions\/687"}],"wp:attachment":[{"href":"https:\/\/christina-ab.fr\/index.php?rest_route=%2Fwp%2Fv2%2Fmedia&parent=95"}],"curies":[{"name":"wp","href":"https:\/\/api.w.org\/{rel}","templated":true}]}}