{"id":29,"date":"2025-01-27T10:31:38","date_gmt":"2025-01-27T09:31:38","guid":{"rendered":"https:\/\/bartobacco.com\/?page_id=29"},"modified":"2025-03-06T15:50:36","modified_gmt":"2025-03-06T14:50:36","slug":"travaux","status":"publish","type":"page","link":"https:\/\/christina-ab.fr\/?page_id=29","title":{"rendered":"Les terres cuites"},"content":{"rendered":"\n<h2 class=\"wp-block-heading\">Des dames pour mettre au jardin<\/h2>\n\n\n\n<div class=\"wp-block-columns is-layout-flex wp-container-core-columns-is-layout-28f84493 wp-block-columns-is-layout-flex\">\n<div class=\"wp-block-column is-layout-flow wp-block-column-is-layout-flow\" style=\"flex-basis:66.66%\">\n<figure class=\"wp-block-gallery has-nested-images columns-default is-cropped wp-block-gallery-1 is-layout-flex wp-block-gallery-is-layout-flex\">\n<figure class=\"wp-block-image size-full\"><img loading=\"lazy\" decoding=\"async\" width=\"709\" height=\"473\" data-id=\"689\" src=\"https:\/\/christina-ab.fr\/wp-content\/uploads\/2025\/03\/52A1388-copie.jpg\" alt=\"\" class=\"wp-image-689\" srcset=\"https:\/\/christina-ab.fr\/wp-content\/uploads\/2025\/03\/52A1388-copie.jpg 709w, https:\/\/christina-ab.fr\/wp-content\/uploads\/2025\/03\/52A1388-copie-500x334.jpg 500w\" sizes=\"auto, (max-width: 709px) 100vw, 709px\" \/><\/figure>\n<\/figure>\n\n\n\n<figure class=\"wp-block-image size-full\"><img loading=\"lazy\" decoding=\"async\" width=\"709\" height=\"472\" src=\"http:\/\/christina-ab.fr\/wp-content\/uploads\/2025\/03\/SAP0149_DxO-Avec-accentuation-NR-copie-2.jpg\" alt=\"\" class=\"wp-image-690\" srcset=\"https:\/\/christina-ab.fr\/wp-content\/uploads\/2025\/03\/SAP0149_DxO-Avec-accentuation-NR-copie-2.jpg 709w, https:\/\/christina-ab.fr\/wp-content\/uploads\/2025\/03\/SAP0149_DxO-Avec-accentuation-NR-copie-2-500x333.jpg 500w\" sizes=\"auto, (max-width: 709px) 100vw, 709px\" \/><\/figure>\n<\/div>\n\n\n\n<div class=\"wp-block-column is-layout-flow wp-block-column-is-layout-flow\" style=\"flex-basis:33.33%\">\n<p>La plupart de ces dames vivent dans des jardins en compagnie de nains kitchissimes qui tentent sans grand succ\u00e8s de les s\u00e9duire. Certaines tr\u00f4nent sur des manteaux de chemin\u00e9es ou des tables basses. Personnellement je les pr\u00e9f\u00e8re en plein air, livr\u00e9es aux intemp\u00e9ries, couvertes par des mousses, du lichen ou de la neige. Le bronze peut s&rsquo;imiter par des patines.<\/p>\n<\/div>\n<\/div>\n\n\n\n<div class=\"alignnormal\"><div id=\"metaslider-id-563\" style=\"width: 100%; margin: 0 auto;\" class=\"ml-slider-3-94-0 metaslider metaslider-flex metaslider-563 ml-slider ms-theme-default-base has-dots-nav\" role=\"region\" aria-roledescription=\"Slideshow\" aria-label=\"Terres Cuites\">\n    <div id=\"metaslider_container_563\">\n        <div id=\"metaslider_563\">\n            <ul class='slides'>\n                <li style=\"display: block; width: 100%;\" class=\"slide-844 ms-image \" aria-roledescription=\"slide\" aria-label=\"slide-844\"><img loading=\"lazy\" decoding=\"async\" src=\"https:\/\/christina-ab.fr\/wp-content\/uploads\/2025\/03\/Appel-Bally_Claudine_H-36-cm-copie-2-411x617.jpg\" height=\"1200\" width=\"800\" alt=\"\" class=\"slider-563 slide-844\" title=\"Appel-Bally_Claudine_H 36 cm copie\" \/><div class=\"caption-wrap\"><div class=\"caption\"><div style=\"text-align:center;\"><strong>CLAUDINE<\/strong><\/div>\n<div style=\"text-align:center;\">Hauteur = 25 cm.<\/div><\/div><\/div><\/li>\n                <li style=\"display: none; width: 100%;\" class=\"slide-845 ms-image \" aria-roledescription=\"slide\" aria-label=\"slide-845\"><img loading=\"lazy\" decoding=\"async\" src=\"https:\/\/christina-ab.fr\/wp-content\/uploads\/2025\/03\/Appel-Bally_Monique_H-40cm-copie-2-388x583.jpg\" height=\"1200\" width=\"800\" alt=\"\" class=\"slider-563 slide-845\" title=\"Appel-Bally_Monique_H 40cm copie\" \/><div class=\"caption-wrap\"><div class=\"caption\"><div style=\"text-align:center;\"><strong>MONIQUE<\/strong><\/div>\n<div style=\"text-align:center;\">Hauteur = 32 cm.<\/div><\/div><\/div><\/li>\n                <li style=\"display: none; width: 100%;\" class=\"slide-846 ms-image \" aria-roledescription=\"slide\" aria-label=\"slide-846\"><img loading=\"lazy\" decoding=\"async\" src=\"https:\/\/christina-ab.fr\/wp-content\/uploads\/2025\/03\/assise-bronze-et-TC-copie-2-472x709.jpg\" height=\"1200\" width=\"800\" alt=\"\" class=\"slider-563 slide-846\" title=\"assise-bronze-et-TC copie\" \/><div class=\"caption-wrap\"><div class=\"caption\"><div style=\"text-align:center;\"><strong>R\u00caVERIE\u00a0<\/strong><\/div>\n<div style=\"text-align:center;\">Le mod\u00e8le en terre cuite et le tirage en bronze\u00a0<\/div>\n<div style=\"text-align:center;\">Hauteur = 26 cm.<\/div><\/div><\/div><\/li>\n                <li style=\"display: none; width: 100%;\" class=\"slide-847 ms-image \" aria-roledescription=\"slide\" aria-label=\"slide-847\"><img loading=\"lazy\" decoding=\"async\" src=\"https:\/\/christina-ab.fr\/wp-content\/uploads\/2025\/03\/CRW_0256_RT8-3-472x708.jpg\" height=\"1200\" width=\"800\" alt=\"\" class=\"slider-563 slide-847\" title=\"CRW_0256_RT8\" \/><div class=\"caption-wrap\"><div class=\"caption\"><div style=\"text-align:center;\"><strong>D\u00c9TERMIN\u00c9E\u00a0<\/strong><\/div>\n<div style=\"text-align:center;\">Hauteur = 30 cm.<\/div><\/div><\/div><\/li>\n                <li style=\"display: none; width: 100%;\" class=\"slide-849 ms-image \" aria-roledescription=\"slide\" aria-label=\"slide-849\"><img loading=\"lazy\" decoding=\"async\" src=\"https:\/\/christina-ab.fr\/wp-content\/uploads\/2025\/03\/WG5I0124-1-copie-1-472x708.jpg\" height=\"1200\" width=\"800\" alt=\"\" class=\"slider-563 slide-849\" title=\"WG5I0124 (1) copie\" \/><div class=\"caption-wrap\"><div class=\"caption\"><div style=\"text-align:center;\"><strong>PORTEUSE DE CACAHOU\u00c8TES.<\/strong><\/div>\n<div style=\"text-align:center;\">Hauteur = 34 cm.<\/div><\/div><\/div><\/li>\n                <li style=\"display: none; width: 100%;\" class=\"slide-850 ms-image \" aria-roledescription=\"slide\" aria-label=\"slide-850\"><img loading=\"lazy\" decoding=\"async\" src=\"https:\/\/christina-ab.fr\/wp-content\/uploads\/2025\/03\/WG5I0945-copie-2.jpg\" height=\"1200\" width=\"800\" alt=\"\" class=\"slider-563 slide-850\" title=\"WG5I0945 copie\" \/><div class=\"caption-wrap\"><div class=\"caption\"><div style=\"text-align:center;\"><strong>AJOA ET SON DOUBLE<\/strong><\/div>\n<div style=\"text-align:center;\">Hauteur = 21x32 cm.<\/div>\n<div style=\"text-align:center;\">\u00a0<\/div><\/div><\/div><\/li>\n                <li style=\"display: none; width: 100%;\" class=\"slide-851 ms-image \" aria-roledescription=\"slide\" aria-label=\"slide-851\"><img loading=\"lazy\" decoding=\"async\" src=\"https:\/\/christina-ab.fr\/wp-content\/uploads\/2025\/03\/WG5I4087-copie-3.jpg\" height=\"1200\" width=\"800\" alt=\"\" class=\"slider-563 slide-851\" title=\"WG5I4087 copie\" \/><div class=\"caption-wrap\"><div class=\"caption\"><div style=\"text-align:center;\"><strong>LA VIADUC DE MILHAUD<\/strong><\/div>\n<div style=\"text-align:center;\">40x60<\/div>\n<div style=\"text-align:center;\">\u00a0<\/div><\/div><\/div><\/li>\n                <li style=\"display: none; width: 100%;\" class=\"slide-852 ms-image \" aria-roledescription=\"slide\" aria-label=\"slide-852\"><img loading=\"lazy\" decoding=\"async\" src=\"https:\/\/christina-ab.fr\/wp-content\/uploads\/2025\/03\/WG5I4514-3-290x436.jpg\" height=\"1200\" width=\"800\" alt=\"\" class=\"slider-563 slide-852\" title=\"WG5I4514\" \/><div class=\"caption-wrap\"><div class=\"caption\"><div style=\"text-align:center;\"><strong>FRILEUSE.<\/strong><\/div>\n<div style=\"text-align:center;\">Hauteur = 39 cm.<\/div><\/div><\/div><\/li>\n                <li style=\"display: none; width: 100%;\" class=\"slide-855 ms-image \" aria-roledescription=\"slide\" aria-label=\"slide-855\"><img loading=\"lazy\" decoding=\"async\" src=\"https:\/\/christina-ab.fr\/wp-content\/uploads\/2025\/03\/DSCN1329-4.jpg\" height=\"1200\" width=\"800\" alt=\"\" class=\"slider-563 slide-855\" title=\"DSCN1329\" \/><div class=\"caption-wrap\"><div class=\"caption\"><div style=\"text-align:center;\"><strong>PETITE SIR\u00c8NE.<\/strong><\/div>\n<div style=\"text-align:center;\">Hauteur = 39 cm.<\/div><\/div><\/div><\/li>\n            <\/ul>\n        <\/div>\n        \n    <\/div>\n<\/div><\/div>\n","protected":false},"excerpt":{"rendered":"<p>Des dames pour mettre au jardin La plupart de ces dames vivent dans des jardins en compagnie de nains kitchissimes qui tentent sans grand succ\u00e8s de les s\u00e9duire. Certaines tr\u00f4nent sur des manteaux de chemin\u00e9es ou des tables basses. Personnellement je les pr\u00e9f\u00e8re en plein air, livr\u00e9es aux intemp\u00e9ries, couvertes par des mousses, du lichen [&hellip;]<\/p>\n","protected":false},"author":1,"featured_media":0,"parent":0,"menu_order":1,"comment_status":"closed","ping_status":"closed","template":"","meta":{"footnotes":""},"class_list":["post-29","page","type-page","status-publish","hentry"],"_links":{"self":[{"href":"https:\/\/christina-ab.fr\/index.php?rest_route=\/wp\/v2\/pages\/29","targetHints":{"allow":["GET"]}}],"collection":[{"href":"https:\/\/christina-ab.fr\/index.php?rest_route=\/wp\/v2\/pages"}],"about":[{"href":"https:\/\/christina-ab.fr\/index.php?rest_route=\/wp\/v2\/types\/page"}],"author":[{"embeddable":true,"href":"https:\/\/christina-ab.fr\/index.php?rest_route=\/wp\/v2\/users\/1"}],"replies":[{"embeddable":true,"href":"https:\/\/christina-ab.fr\/index.php?rest_route=%2Fwp%2Fv2%2Fcomments&post=29"}],"version-history":[{"count":12,"href":"https:\/\/christina-ab.fr\/index.php?rest_route=\/wp\/v2\/pages\/29\/revisions"}],"predecessor-version":[{"id":853,"href":"https:\/\/christina-ab.fr\/index.php?rest_route=\/wp\/v2\/pages\/29\/revisions\/853"}],"wp:attachment":[{"href":"https:\/\/christina-ab.fr\/index.php?rest_route=%2Fwp%2Fv2%2Fmedia&parent=29"}],"curies":[{"name":"wp","href":"https:\/\/api.w.org\/{rel}","templated":true}]}}