{"id":119,"date":"2025-01-27T13:37:08","date_gmt":"2025-01-27T12:37:08","guid":{"rendered":"https:\/\/bartobacco.com\/?page_id=119"},"modified":"2025-03-18T16:16:29","modified_gmt":"2025-03-18T15:16:29","slug":"les-platres-filasses","status":"publish","type":"page","link":"https:\/\/christina-ab.fr\/?page_id=119","title":{"rendered":"Les pl\u00e2tres sur filasses"},"content":{"rendered":"\n<p class=\"is-style-text-subtitle is-style-text-subtitle--1\"><strong>Ces sculptures sont r\u00e9alis\u00e9es en trempant de la filasse dans du pl\u00e2tre frais que l&rsquo;on pose, avant sa prise, sur une structure en fil de fer. La difficult\u00e9 de cette technique est d&rsquo;obtenir des pi\u00e8ces aussi a\u00e9riennes et transparentes que possible.<\/strong><\/p>\n\n\n\n<div class=\"alignnormal\"><div id=\"metaslider-id-122\" style=\"width: 100%;\" class=\"ml-slider-3-94-0 metaslider metaslider-flex metaslider-122 ml-slider ms-theme-default-base has-dots-nav\" role=\"region\" aria-roledescription=\"Slideshow\" aria-label=\"filasses\">\n    <div id=\"metaslider_container_122\">\n        <div id=\"metaslider_122\">\n            <ul class='slides'>\n                <li style=\"display: block; width: 100%;\" class=\"slide-1056 ms-image \" aria-roledescription=\"slide\" aria-label=\"slide-1056\"><img loading=\"lazy\" decoding=\"async\" src=\"https:\/\/christina-ab.fr\/wp-content\/uploads\/2025\/03\/danseur-3-799x1199.jpg\" height=\"1200\" width=\"800\" alt=\"\" class=\"slider-122 slide-1056\" title=\"danseur 3\" \/><div class=\"caption-wrap\"><div class=\"caption\"><div style=\"text-align:center;\"><strong>DANSEUSE 1.<\/strong><\/div>\n<div style=\"text-align:center;\">Hauteur = 23 cm.<\/div><\/div><\/div><\/li>\n                <li style=\"display: none; width: 100%;\" class=\"slide-1059 ms-image \" aria-roledescription=\"slide\" aria-label=\"slide-1059\"><img loading=\"lazy\" decoding=\"async\" src=\"https:\/\/christina-ab.fr\/wp-content\/uploads\/2025\/03\/SAP0441-Avec-accentuation-NR-copie-800x1200.jpg\" height=\"1200\" width=\"800\" alt=\"\" class=\"slider-122 slide-1059\" title=\"_SAP0441-Avec accentuation-NR copie\" \/><div class=\"caption-wrap\"><div class=\"caption\"><div style=\"text-align:center;\"><strong>LE SAMOURA\u00cf.<\/strong><\/div>\n<div style=\"text-align:center;\">Diam\u00e8tre = 53 cm.<\/div><\/div><\/div><\/li>\n                <li style=\"display: none; width: 100%;\" class=\"slide-1062 ms-image \" aria-roledescription=\"slide\" aria-label=\"slide-1062\"><img loading=\"lazy\" decoding=\"async\" src=\"https:\/\/christina-ab.fr\/wp-content\/uploads\/2025\/03\/2-Sarabande-sll-face_1DX9059-1-copie.jpg\" height=\"1200\" width=\"800\" alt=\"\" class=\"slider-122 slide-1062\" title=\"2-Sarabande sll face_1DX9059 (1) copie\" \/><div class=\"caption-wrap\"><div class=\"caption\"><div style=\"text-align:center;\">\n<div style=\"text-align:center;\"><strong>DANSEURS AU CLAIR DE LUNE.<\/strong><\/div>\n<div style=\"text-align:center;\">Hauteur = 45 cm<strong>.<\/strong><\/div>\n<\/div><\/div><\/div><\/li>\n                <li style=\"display: none; width: 100%;\" class=\"slide-1106 ms-image \" aria-roledescription=\"slide\" aria-label=\"slide-1106\"><img loading=\"lazy\" decoding=\"async\" src=\"https:\/\/christina-ab.fr\/wp-content\/uploads\/2025\/05\/052A9100-copie.jpg\" height=\"1200\" width=\"800\" alt=\"\" class=\"slider-122 slide-1106\" title=\"052A9100 copie\" \/><div class=\"caption-wrap\"><div class=\"caption\"><div style=\"text-align:center;\"><strong>DANSEUSE 2.<\/strong><\/div>\n<div style=\"text-align:center;\">Hauteur = 27 cm.<\/div><\/div><\/div><\/li>\n                <li style=\"display: none; width: 100%;\" class=\"slide-1107 ms-image \" aria-roledescription=\"slide\" aria-label=\"slide-1107\"><img loading=\"lazy\" decoding=\"async\" src=\"https:\/\/christina-ab.fr\/wp-content\/uploads\/2025\/05\/052A9104-copie-2.jpg\" height=\"1200\" width=\"800\" alt=\"\" class=\"slider-122 slide-1107\" title=\"052A9104 copie 2\" \/><div class=\"caption-wrap\"><div class=\"caption\"><div style=\"text-align:center;\"><strong>ELLE EST AIL\u00c9E 1.<\/strong><\/div>\n<div style=\"text-align:center;\">Hauteur = 15 cm.<\/div><\/div><\/div><\/li>\n                <li style=\"display: none; width: 100%;\" class=\"slide-1108 ms-image \" aria-roledescription=\"slide\" aria-label=\"slide-1108\"><img loading=\"lazy\" decoding=\"async\" src=\"https:\/\/christina-ab.fr\/wp-content\/uploads\/2025\/05\/052A9109-copie.jpg\" height=\"1200\" width=\"800\" alt=\"\" class=\"slider-122 slide-1108\" title=\"052A9109 copie\" \/><div class=\"caption-wrap\"><div class=\"caption\"><div style=\"text-align:center;\"><strong>DANSEUSE 3.<\/strong><\/div>\n<div style=\"text-align:center;\">Hauteur = 28 cm.<\/div><\/div><\/div><\/li>\n            <\/ul>\n        <\/div>\n        \n    <\/div>\n<\/div><\/div>\n","protected":false},"excerpt":{"rendered":"<p>Ces sculptures sont r\u00e9alis\u00e9es en trempant de la filasse dans du pl\u00e2tre frais que l&rsquo;on pose, avant sa prise, sur une structure en fil de fer. La difficult\u00e9 de cette technique est d&rsquo;obtenir des pi\u00e8ces aussi a\u00e9riennes et transparentes que possible.<\/p>\n","protected":false},"author":1,"featured_media":0,"parent":0,"menu_order":6,"comment_status":"closed","ping_status":"closed","template":"","meta":{"footnotes":""},"class_list":["post-119","page","type-page","status-publish","hentry"],"_links":{"self":[{"href":"https:\/\/christina-ab.fr\/index.php?rest_route=\/wp\/v2\/pages\/119","targetHints":{"allow":["GET"]}}],"collection":[{"href":"https:\/\/christina-ab.fr\/index.php?rest_route=\/wp\/v2\/pages"}],"about":[{"href":"https:\/\/christina-ab.fr\/index.php?rest_route=\/wp\/v2\/types\/page"}],"author":[{"embeddable":true,"href":"https:\/\/christina-ab.fr\/index.php?rest_route=\/wp\/v2\/users\/1"}],"replies":[{"embeddable":true,"href":"https:\/\/christina-ab.fr\/index.php?rest_route=%2Fwp%2Fv2%2Fcomments&post=119"}],"version-history":[{"count":5,"href":"https:\/\/christina-ab.fr\/index.php?rest_route=\/wp\/v2\/pages\/119\/revisions"}],"predecessor-version":[{"id":1036,"href":"https:\/\/christina-ab.fr\/index.php?rest_route=\/wp\/v2\/pages\/119\/revisions\/1036"}],"wp:attachment":[{"href":"https:\/\/christina-ab.fr\/index.php?rest_route=%2Fwp%2Fv2%2Fmedia&parent=119"}],"curies":[{"name":"wp","href":"https:\/\/api.w.org\/{rel}","templated":true}]}}