{"id":11,"date":"2025-01-26T21:12:57","date_gmt":"2025-01-26T20:12:57","guid":{"rendered":"https:\/\/bartobacco.com\/?page_id=11"},"modified":"2025-03-03T15:42:15","modified_gmt":"2025-03-03T14:42:15","slug":"pageaccueil","status":"publish","type":"page","link":"https:\/\/christina-ab.fr\/","title":{"rendered":"Bienvenue"},"content":{"rendered":"\n<figure class=\"wp-block-image size-full is-resized\"><img decoding=\"async\" src=\"http:\/\/christina-ab.fr\/wp-content\/uploads\/2025\/01\/cache_25448320.jpg\" alt=\"\" class=\"wp-image-17\" style=\"width:645px;height:auto\"\/><\/figure>\n\n\n\n<p>Dipl\u00f4m\u00e9e de l\u2019ECAL (Ecole Cantonale d\u2019Art de Lausanne), j\u2019ai&nbsp;travaill\u00e9 dans diff\u00e9rentes agences de pub tout en enseignant les arts plastiques dans des \u00e9coles \u00e0 Lausanne, puis en Alg\u00e9rie. Ensuite \u00e0 Paris 7, j\u2019ai obtenu un DESS puis un DEA de&nbsp;psychologie clinique et psychanalyse dans l\u2019Unit\u00e9 d\u2019Enseignement et de Recherche de Jean Laplanche. Ces formations m\u2019ont amen\u00e9e \u00e0 pratiquer et enseigner l\u2019art-th\u00e9rapie dans plusieurs institutions psychiatriques.<\/p>\n\n\n\n<p>Depuis, je consacre tout mon temps \u00e0 la sculpture et au dessin. J\u2019ai compl\u00e9t\u00e9&nbsp;ma formation&nbsp;aux Ateliers Beaux Arts de la ville de Paris dirig\u00e9s par Jean CARDOT. J\u2019entretiens le dessin \u00e0 \u00ab&nbsp;La grande Chaumi\u00e8re&nbsp;\u00bb et \u00e0 l\u2019AMICALDAR.<\/p>\n\n\n\n<p>J\u2019ai eu l\u2019opportunit\u00e9&nbsp;d\u2019apprendre les techniques de moulage&nbsp;dans l\u2019atelier de Herv\u00e9 Cappelli (mouleur statuaire). Ces cinq ann\u00e9es&nbsp; d\u2019apprentissage m\u2019ont&nbsp;permis de maitriser ces techniques.<\/p>\n\n\n\n<figure class=\"wp-block-image size-full is-resized\"><img decoding=\"async\" src=\"http:\/\/christina-ab.fr\/wp-content\/uploads\/2025\/01\/cache_24818114.jpg\" alt=\"\" class=\"wp-image-16\" style=\"width:645px;height:auto\"\/><figcaption class=\"wp-element-caption\"><strong>LE SOCKAGE DES MOULES<\/strong><\/figcaption><\/figure>\n","protected":false},"excerpt":{"rendered":"<p>Dipl\u00f4m\u00e9e de l\u2019ECAL (Ecole Cantonale d\u2019Art de Lausanne), j\u2019ai&nbsp;travaill\u00e9 dans diff\u00e9rentes agences de pub tout en enseignant les arts plastiques dans des \u00e9coles \u00e0 Lausanne, puis en Alg\u00e9rie. Ensuite \u00e0 Paris 7, j\u2019ai obtenu un DESS puis un DEA de&nbsp;psychologie clinique et psychanalyse dans l\u2019Unit\u00e9 d\u2019Enseignement et de Recherche de Jean Laplanche. Ces formations m\u2019ont [&hellip;]<\/p>\n","protected":false},"author":1,"featured_media":0,"parent":0,"menu_order":0,"comment_status":"closed","ping_status":"closed","template":"","meta":{"footnotes":""},"class_list":["post-11","page","type-page","status-publish","hentry"],"_links":{"self":[{"href":"https:\/\/christina-ab.fr\/index.php?rest_route=\/wp\/v2\/pages\/11","targetHints":{"allow":["GET"]}}],"collection":[{"href":"https:\/\/christina-ab.fr\/index.php?rest_route=\/wp\/v2\/pages"}],"about":[{"href":"https:\/\/christina-ab.fr\/index.php?rest_route=\/wp\/v2\/types\/page"}],"author":[{"embeddable":true,"href":"https:\/\/christina-ab.fr\/index.php?rest_route=\/wp\/v2\/users\/1"}],"replies":[{"embeddable":true,"href":"https:\/\/christina-ab.fr\/index.php?rest_route=%2Fwp%2Fv2%2Fcomments&post=11"}],"version-history":[{"count":17,"href":"https:\/\/christina-ab.fr\/index.php?rest_route=\/wp\/v2\/pages\/11\/revisions"}],"predecessor-version":[{"id":594,"href":"https:\/\/christina-ab.fr\/index.php?rest_route=\/wp\/v2\/pages\/11\/revisions\/594"}],"wp:attachment":[{"href":"https:\/\/christina-ab.fr\/index.php?rest_route=%2Fwp%2Fv2%2Fmedia&parent=11"}],"curies":[{"name":"wp","href":"https:\/\/api.w.org\/{rel}","templated":true}]}}