{"id":102,"date":"2025-01-27T11:48:09","date_gmt":"2025-01-27T10:48:09","guid":{"rendered":"https:\/\/bartobacco.com\/?page_id=102"},"modified":"2025-03-10T17:43:36","modified_gmt":"2025-03-10T16:43:36","slug":"les-succubes","status":"publish","type":"page","link":"https:\/\/christina-ab.fr\/?page_id=102","title":{"rendered":"Les Succubes et les incubes"},"content":{"rendered":"\n<p>Ces monstres imaginaires, qui hantent nos cauchemars, sont r\u00e9alis\u00e9s en pl\u00e2tre directement model\u00e9 sur une armature m\u00e9tallique. L&rsquo;une d&rsquo;elle\u00a0: \u00ab\u00a0La temp\u00eate\u00a0\u00bb a \u00e9t\u00e9 r\u00e9alis\u00e9e en bronze et je le regrette : je pr\u00e9f\u00e8re la blancheur matte de la pi\u00e8ce unique en pl\u00e2tre. Ce dernier est une mati\u00e8re redoutable. Elle met en \u00e9vidence toutes les maladresses ou imperfections. Mes ma\u00eetres se plaisaient \u00e0 dire : \u00ab\u00a0Le bronze sauve les sculptures m\u00e9diocres\u00a0\u00bb.<\/p>\n\n\n\n<div class=\"alignnormal\"><div id=\"metaslider-id-105\" style=\"width: 100%;\" class=\"ml-slider-3-94-0 metaslider metaslider-flex metaslider-105 ml-slider ms-theme-default-base has-dots-nav\" role=\"region\" aria-roledescription=\"Slideshow\" aria-label=\"succubes\">\n    <div id=\"metaslider_container_105\">\n        <div id=\"metaslider_105\">\n            <ul class='slides'>\n                <li style=\"display: block; width: 100%;\" class=\"slide-961 ms-image \" aria-roledescription=\"slide\" aria-label=\"slide-961\"><img loading=\"lazy\" decoding=\"async\" src=\"https:\/\/christina-ab.fr\/wp-content\/uploads\/2025\/03\/tempeteBAT2-copie.jpg\" height=\"1200\" width=\"800\" alt=\"\" class=\"slider-105 slide-961\" title=\"temp\u00eateBAT2 copie\" \/><div class=\"caption-wrap\"><div class=\"caption\"><div style=\"text-align:center;\"><strong>La TEMP\u00caTE\u00a0 <\/strong>\u00a0h =50 cm.<\/div>\n<div style=\"text-align:center;\">Existe tir\u00e9 en bronze<\/div><\/div><\/div><\/li>\n                <li style=\"display: none; width: 100%;\" class=\"slide-962 ms-image \" aria-roledescription=\"slide\" aria-label=\"slide-962\"><img loading=\"lazy\" decoding=\"async\" src=\"https:\/\/christina-ab.fr\/wp-content\/uploads\/2025\/03\/vertigo-copie-756x1135.jpg\" height=\"1200\" width=\"800\" alt=\"\" class=\"slider-105 slide-962\" title=\"vertigo copie\" \/><div class=\"caption-wrap\"><div class=\"caption\"><div style=\"text-align:center;\"><strong>VERTIGO<\/strong><\/div>\n<div style=\"text-align:center;\">h= 57 cm.<\/div><\/div><\/div><\/li>\n                <li style=\"display: none; width: 100%;\" class=\"slide-963 ms-image \" aria-roledescription=\"slide\" aria-label=\"slide-963\"><img loading=\"lazy\" decoding=\"async\" src=\"https:\/\/christina-ab.fr\/wp-content\/uploads\/2025\/03\/le-double-Recupere.jpg\" height=\"1200\" width=\"800\" alt=\"\" class=\"slider-105 slide-963\" title=\"le double-R\u00e9cup\u00e9r\u00e9\" \/><div class=\"caption-wrap\"><div class=\"caption\"><div style=\"text-align:center;\"><strong>LE DOUBLE<\/strong><\/div>\n<div style=\"text-align:center;\">h= 47 cm.<\/div><\/div><\/div><\/li>\n                <li style=\"display: none; width: 100%;\" class=\"slide-964 ms-image \" aria-roledescription=\"slide\" aria-label=\"slide-964\"><img loading=\"lazy\" decoding=\"async\" src=\"https:\/\/christina-ab.fr\/wp-content\/uploads\/2025\/03\/la-parade-copie.jpg\" height=\"1200\" width=\"800\" alt=\"\" class=\"slider-105 slide-964\" title=\"la parade copie\" \/><div class=\"caption-wrap\"><div class=\"caption\"><div style=\"text-align:center;\"><strong>LA PARADE<\/strong><\/div>\n<div style=\"text-align:center;\">h= 55 cm.\u00a0<\/div><\/div><\/div><\/li>\n                <li style=\"display: none; width: 100%;\" class=\"slide-965 ms-image \" aria-roledescription=\"slide\" aria-label=\"slide-965\"><img loading=\"lazy\" decoding=\"async\" src=\"https:\/\/christina-ab.fr\/wp-content\/uploads\/2025\/03\/chariot1-copie.jpg\" height=\"1200\" width=\"800\" alt=\"\" class=\"slider-105 slide-965\" title=\"chariot1 copie\" \/><div class=\"caption-wrap\"><div class=\"caption\"><div style=\"text-align:center;\"><strong>LA BANDE DE MOEBIUS<\/strong><\/div>\n<div style=\"text-align:center;\">h= 71 cm.<\/div><\/div><\/div><\/li>\n                <li style=\"display: none; width: 100%;\" class=\"slide-966 ms-image \" aria-roledescription=\"slide\" aria-label=\"slide-966\"><img loading=\"lazy\" decoding=\"async\" src=\"https:\/\/christina-ab.fr\/wp-content\/uploads\/2025\/03\/profil-copie.jpg\" height=\"1200\" width=\"800\" alt=\"\" class=\"slider-105 slide-966\" title=\"profil copie\" \/><div class=\"caption-wrap\"><div class=\"caption\"><div style=\"text-align:center;\"><strong>ARJUNA<\/strong><\/div>\n<div style=\"text-align:center;\">h= 36 cm.<\/div><\/div><\/div><\/li>\n                <li style=\"display: none; width: 100%;\" class=\"slide-967 ms-image \" aria-roledescription=\"slide\" aria-label=\"slide-967\"><img loading=\"lazy\" decoding=\"async\" src=\"https:\/\/christina-ab.fr\/wp-content\/uploads\/2025\/03\/styx1-copie.jpg\" height=\"1200\" width=\"800\" alt=\"\" class=\"slider-105 slide-967\" title=\"styx1 copie\" \/><div class=\"caption-wrap\"><div class=\"caption\"><div style=\"text-align:center;\"><strong>LE GONDOLIER DU STYX<\/strong><\/div>\n<div style=\"text-align:center;\">h= 62 cm.<\/div><\/div><\/div><\/li>\n                <li style=\"display: none; width: 100%;\" class=\"slide-968 ms-image \" aria-roledescription=\"slide\" aria-label=\"slide-968\"><img loading=\"lazy\" decoding=\"async\" src=\"https:\/\/christina-ab.fr\/wp-content\/uploads\/2025\/03\/1DX8166_DxO_1-copie.jpg\" height=\"1200\" width=\"800\" alt=\"\" class=\"slider-105 slide-968\" title=\"_1DX8166_DxO_1 copie\" \/><div class=\"caption-wrap\"><div class=\"caption\"><div style=\"text-align:center;\"><strong>PATINAGE<\/strong><\/div>\n<div style=\"text-align:center;\">h= 55 cm.<\/div><\/div><\/div><\/li>\n            <\/ul>\n        <\/div>\n        \n    <\/div>\n<\/div><\/div>\n","protected":false},"excerpt":{"rendered":"<p>Ces monstres imaginaires, qui hantent nos cauchemars, sont r\u00e9alis\u00e9s en pl\u00e2tre directement model\u00e9 sur une armature m\u00e9tallique. L&rsquo;une d&rsquo;elle\u00a0: \u00ab\u00a0La temp\u00eate\u00a0\u00bb a \u00e9t\u00e9 r\u00e9alis\u00e9e en bronze et je le regrette : je pr\u00e9f\u00e8re la blancheur matte de la pi\u00e8ce unique en pl\u00e2tre. Ce dernier est une mati\u00e8re redoutable. Elle met en \u00e9vidence toutes les maladresses [&hellip;]<\/p>\n","protected":false},"author":1,"featured_media":0,"parent":0,"menu_order":7,"comment_status":"closed","ping_status":"closed","template":"","meta":{"footnotes":""},"class_list":["post-102","page","type-page","status-publish","hentry"],"_links":{"self":[{"href":"https:\/\/christina-ab.fr\/index.php?rest_route=\/wp\/v2\/pages\/102","targetHints":{"allow":["GET"]}}],"collection":[{"href":"https:\/\/christina-ab.fr\/index.php?rest_route=\/wp\/v2\/pages"}],"about":[{"href":"https:\/\/christina-ab.fr\/index.php?rest_route=\/wp\/v2\/types\/page"}],"author":[{"embeddable":true,"href":"https:\/\/christina-ab.fr\/index.php?rest_route=\/wp\/v2\/users\/1"}],"replies":[{"embeddable":true,"href":"https:\/\/christina-ab.fr\/index.php?rest_route=%2Fwp%2Fv2%2Fcomments&post=102"}],"version-history":[{"count":4,"href":"https:\/\/christina-ab.fr\/index.php?rest_route=\/wp\/v2\/pages\/102\/revisions"}],"predecessor-version":[{"id":970,"href":"https:\/\/christina-ab.fr\/index.php?rest_route=\/wp\/v2\/pages\/102\/revisions\/970"}],"wp:attachment":[{"href":"https:\/\/christina-ab.fr\/index.php?rest_route=%2Fwp%2Fv2%2Fmedia&parent=102"}],"curies":[{"name":"wp","href":"https:\/\/api.w.org\/{rel}","templated":true}]}}